{"id":2275,"date":"2020-04-29T17:48:34","date_gmt":"2020-04-29T16:48:34","guid":{"rendered":"https:\/\/www.salysol.com\/condiciones-de-compra"},"modified":"2020-06-04T17:06:26","modified_gmt":"2020-06-04T16:06:26","slug":"condiciones-de-compra","status":"publish","type":"page","link":"https:\/\/www.salysol.com\/en\/condiciones-de-compra\/","title":{"rendered":"Condiciones de Compra"},"content":{"rendered":"\n<p><strong>Condiciones de compra<\/strong> TIENDA ONLINE SAL Y SOL S.A<\/p>\n\n\n\n<p><strong>Identificaci\u00f3n y raz\u00f3n social de la empresa oferente<\/strong><strong><\/strong><\/p>\n\n\n\n<p>Sal y Sol, S.A., en adelante y para este portal y la actividad que en \u00e9l se desarrolla, la denominaci\u00f3n comercial es de Sal y Sol, S.A., con domicilio social en: Pol\u00edgono Industrial Fridex, Calle Fridex Seis, parc.79 C.P. 41500 Alcal\u00e1 de Guadaira ( SEVILLA)&nbsp;&nbsp;provista de CIF: A-41113655. Sal y Sol, S.A., presta los servicios de venta de sus productos por Internet en su p\u00e1gina web&nbsp;<a href=\"https:\/\/www.salysol.com\/\">www.salysol.com<\/a>.<\/p>\n\n\n\n<p>Su direcci\u00f3n de contacto es el e-mail&nbsp;<a href=\"mailto:tiendaonline@salysol.com\">tiendaonline@salysol.com<\/a><\/p>\n\n\n\n<p>Su tel\u00e9fono de contacto es el&nbsp;&nbsp;955 631 013&nbsp;<\/p>\n\n\n\n<p>El domicilio a efectos de reclamaciones coincidir\u00e1 con el indicado como domicilio social de la empresa.<\/p>\n\n\n\n<p><strong>Condiciones de compra<\/strong><strong><\/strong><\/p>\n\n\n\n<p>&nbsp;Esta web es un canal de venta por Internet de frutos secos enlatados online.<\/p>\n\n\n\n<p>Todas las compras que se realicen en la tienda virtual de salysol.com est\u00e1n sujetas a las condiciones generales de compra expuestas en el presente documento.&nbsp;<br><br>Las ventas celebradas son ventas a distancia reguladas por la legislaci\u00f3n espa\u00f1ola vigente en la materia.&nbsp;<br>salysol.com, es un producto de Sal y Sol, S.A.&nbsp;<\/p>\n\n\n\n<p><strong>C\u00f3mo comprar en&nbsp;<\/strong><a href=\"https:\/\/www.salysol.com\/\"><strong>www.salysol.com<\/strong><\/a><strong><\/strong><\/p>\n\n\n\n<p>El proceso de compra en nuestra tienda online es muy sencillo. Lo \u00fanico requerido para poder comprar es facilitar sus datos de envi\u00f3 y facturaci\u00f3n,&nbsp;&nbsp;para&nbsp;&nbsp;lo cual le pediremos los datos necesarios para poder realizar env\u00edos, emitirle su factura y ponernos en contacto con usted. Estos datos ser\u00e1n tratados de acuerdo con el Reglamento General de Protecci\u00f3n de Datos (RGPD) 2016\/679 de 27 de abril y&nbsp;la Ley Org\u00e1nica 3\/2018 de 5 de diciembre de Protecci\u00f3n de Datos Personales y Garant\u00eda de los Derechos Digitales.<br><br>La navegaci\u00f3n por nuestra tienda es muy sencilla. Lo \u00fanico que hay que hacer es a\u00f1adir a la cesta los productos y cantidades que se quieran adquirir y una vez finalizado pulsar sobre el Carrito de compra.&nbsp;<\/p>\n\n\n\n<p>Pasar\u00e1 a la pantalla de su carro de la compra, donde podr\u00e1 terminar de efectuar su pedido pinchando el bot\u00f3n &#8220;FINALIZAR COMPRA&#8221;, a\u00f1adir m\u00e1s art\u00edculos a su pedido pinchando en &#8220;CONTINUAR COMPRANDO&#8221;, o vaciar su carrito pinchando en el bot\u00f3n con la cruz para eliminar cada producto.&nbsp;<br><br>Una vez que haya confirmado su pedido con &#8220;FINALIZAR COMPRA&#8221;, le pediremos que confirme los &#8220;Datos de Env\u00edo&#8221; (datos de facturaci\u00f3n y direcci\u00f3n de env\u00edo), seleccione el &#8220;M\u00e9todo de Env\u00edo&#8221; y el &#8220;M\u00e9todo de Pago&#8221;. Si decide efectuar el pago mediante tarjeta, le redireccionaremos a una pasarela de pago segura, donde se le pedir\u00e1n los datos de su tarjeta. Una vez terminado el proceso de compra, recibir\u00e1 un email de confirmaci\u00f3n de que su pedido ha sido procesado y se le enviar\u00e1.<\/p>\n\n\n\n<p>El consumidor y usuario, queda expresamente informado que todos los pedidos que realice est\u00e1n sujetos al pago.<\/p>\n\n\n\n<p>Si tiene alguna duda durante el proceso de compra y\/o registro, contacte con nosotros a trav\u00e9s de la direcci\u00f3n de email&nbsp;<a href=\"mailto:tiendaonline@salysol.com\">tiendaonline@salysol.com<\/a><\/p>\n\n\n\n<p>El consumidor y usuario, al efectuar el pedido es expresamente consciente de que, el mismo, conlleva y est\u00e1 sujeto a la obligaci\u00f3n del pago.<strong>&nbsp;<\/strong><\/p>\n\n\n\n<p><strong>Territorio de aplicaci\u00f3n<\/strong><strong><\/strong><\/p>\n\n\n\n<p>Actualmente la tienda de salysol.com est\u00e1 activa para el territorio espa\u00f1ol peninsular y Baleares.<\/p>\n\n\n\n<p>Para los env\u00edos a Canarias, Ceuta, Melilla y pa\u00edses de la Uni\u00f3n Europea, consultar los costes a&nbsp;<a href=\"mailto:tiendaonline@salysol.com\">tiendaonline@salysol.com<\/a><\/p>\n\n\n\n<p><strong>Precios<\/strong><strong><\/strong><\/p>\n\n\n\n<p>Todos los precios expuestos en la tienda de salysol.com incluyen el iva vigente en el momento de la venta.&nbsp;<br>Todos los precios que constan en la web de salysol.com y en otros canales de venta son v\u00e1lidos.<br>Salysol se reserva el derecho de anular todos aquellos pedidos que se produzcan de alg\u00fan producto cuyo precio no est\u00e9 bien marcado en la web por problemas t\u00e9cnicos o de otra \u00edndole.<\/p>\n\n\n\n<p><strong>Sistemas de pago<\/strong><strong><\/strong><\/p>\n\n\n\n<p>a) Transferencia bancaria<\/p>\n\n\n\n<p>Si selecciona como forma de pago transferencia bancaria, en el justificante de compra que recibe por mail al finalizar el proceso, se indica el n\u00famero de cuenta en la que efectuar la transferencia bancaria a nombre de Sal y Sol, S.A.<\/p>\n\n\n\n<p>Es muy importante que indique en el asunto &#8220;pedido XXXXXXX&#8221;, que le ser\u00e1 indicado en el justificante de compra, y realice la transferencia para poder validarla.&nbsp;<br>No se considerar\u00e1 efectivo el pedido hasta que confirmemos el correspondiente ingreso. No olvide que debe efectuar el pago en euros, y que todas las eventuales comisiones de cambio y bancarias corren por su cuenta.<\/p>\n\n\n\n<p>b) Paypal<\/p>\n\n\n\n<p>Se le redirigir\u00e1 a la plataforma de pago de paypal con la que podr\u00e1 pagar si tiene cuenta o incluso con tarjeta si no la tiene.<\/p>\n\n\n\n<p>c) Tarjeta de cr\u00e9dito<\/p>\n\n\n\n<p>Este servicio es el que consideramos m\u00e1s id\u00f3neo para que usted&nbsp;&nbsp;realice su pedido. El servicio de pago mediante tarjeta de cr\u00e9dito es proporcionado bajo un servidor seguro. Salysol.com declina toda responsabilidad en relaci\u00f3n con la confidencialidad y seguridad de la informaci\u00f3n y datos proporcionados por el cliente con ocasi\u00f3n del pago de sus compras electr\u00f3nicas mediante tarjeta de cr\u00e9dito, en la medida en que el tratamiento de dicha informaci\u00f3n y datos no se encuentra exclusivamente bajo el control de Salysol.com..<\/p>\n\n\n\n<p>Esta modalidad de pago queda reflejada de inmediato por lo que se procede a la preparaci\u00f3n del pedido. Los plazos de entrega quedan reflejados en el siguiente p\u00e1rrafo.<\/p>\n\n\n\n<p><strong>Plazo de entrega<\/strong><strong><\/strong><\/p>\n\n\n\n<p>La entrega se realizar\u00e1 en el domicilio indicado al efectuar la compra. El cliente se compromete a facilitarnos unos datos de env\u00edo correctos e inteligibles.&nbsp;<\/p>\n\n\n\n<p>Los plazos de entrega de los productos EN STOCK, son los siguientes:<\/p>\n\n\n\n<p>Transporte &#8211; Espa\u00f1a Peninsular y Baleares: la entrega se realiza en un plazo de 24 a 72 horas (laborables) una vez que el pedido sale de nuestro almac\u00e9n siendo el tiempo de proceso de entre 24 y 48 horas desde que se realiza el pedido y se haya recibido la transferencia bancaria (para aquellos clientes que elijan esta forma de pago).<\/p>\n\n\n\n<p><em>Costes de env\u00edo<\/em>: lo portes son gratuitos para pedidos superiores a 25\u20ac que es el pedido m\u00ednimo.<\/p>\n\n\n\n<p>Para los env\u00edos a Canarias, Ceuta, Melilla, Portugal y pa\u00edses de la Uni\u00f3n Europea, consultar los costes a&nbsp;<a href=\"mailto:tiendaonline@salysol.com\">tiendaonline@salysol.com<\/a><\/p>\n\n\n\n<p>&nbsp;Salysol.com declina toda responsabilidad en el caso de imposibilidad de prestaci\u00f3n del servicio, si ello se debe a cualquier supuesto de fuerza mayor o caso fortuito. En caso de demora de producto por problemas ajenos a salysol.com nuestras gestoras contactar\u00e1n para buscar la mejor soluci\u00f3n para usted&nbsp;y poder realizar as\u00ed la expedici\u00f3n del pedido, todo sin perjuicio de que en su caso haga uso del derecho al desistimiento en los t\u00e9rminos que se recogen en el apartado relativo a Garant\u00eda, Servicio Post Venta, Devoluciones y Desistimiento.<\/p>\n\n\n\n<p>Una vez el pedido salga de nuestro almac\u00e9n le informaremos mediante un email, acerca de tu pedido y la informaci\u00f3n&nbsp;&nbsp;de seguimiento del mismo.<\/p>\n\n\n\n<p>&nbsp;Los pedidos son entregados por la empresa de transporte Correos Express con Servicio 24 horas*.<\/p>\n\n\n\n<p><strong>\u00a1Importante!<\/strong><strong><\/strong><\/p>\n\n\n\n<p>Todo pedido recibido es para Salysol.com&nbsp;&nbsp;un pedido en curso. Los pedidos efectuados con forma de pago tarjeta de cr\u00e9dito y paypal se activan de inmediato. Los pedidos efectuados con pago por transferencia bancaria se activan una vez disponemos de la confirmaci\u00f3n del ingreso por parte de nuestro banco.<\/p>\n\n\n\n<p>Hay que tener en cuenta que a efectos de contabilizar los d\u00edas necesarios para el env\u00edo no tienen efecto: los viernes por la tarde, s\u00e1bados, domingos y festivos (tanto nacionales, auton\u00f3micos como locales).<\/p>\n\n\n\n<p>Esta informaci\u00f3n es a nivel informativo, y no corresponde a ning\u00fan compromiso contractual. Nuestros operadores y operadoras del departamento de atenci\u00f3n al cliente est\u00e1n a su disposici\u00f3n para cualquier aclaraci\u00f3n en el&nbsp;955 63 10 13&nbsp;o en la direcci\u00f3n de correo electr\u00f3nico&nbsp;<a href=\"mailto:tiendaonline@salysol.com\">tiendaonline@salysol.com<\/a><\/p>\n\n\n\n<p>Area de servicio: Espa\u00f1a peninsular y Baleares. Para otros destinos como Canarias, Ceuta, Melilla, Portugal y pa\u00edses de la Uni\u00f3n Europea, consultar costes y plazos de entrega a&nbsp;<a href=\"mailto:tiendaonline@salysol.com\">tiendaonline@salysol.com<\/a><\/p>\n\n\n\n<p><strong>Garant\u00eda, Servicio Post venta, Devoluciones y Desistimiento<\/strong><strong><\/strong><\/p>\n\n\n\n<p>Todos los productos ofrecidos a trav\u00e9s del sitio Web son originales y nuevos.<\/p>\n\n\n\n<p>Si quiere ejercer su derecho a desistimiento, tiene un plazo de 14 d\u00edas naturales a contar desde la fecha de entrega del pedido, seg\u00fan el r\u00e9gimen del desistimiento previsto en el art. 69 y siguientes del Real Decreto Legislativo 1\/2007, de 16 de noviembre, por el que se aprueba el texto refundido de la Ley General para la Defensa de los Consumidores y Usuarios.<\/p>\n\n\n\n<p>Tiene usted derecho a desistir del presente contrato en un plazo de 14 d\u00edas naturales sin necesidad de justificaci\u00f3n.<\/p>\n\n\n\n<p>Si quiere realizar una&nbsp;devoluci\u00f3n, el producto debe estar en perfectas condiciones y en su embalaje original (no se aceptar\u00e1n devoluciones que no lleven el embalaje original).&nbsp;<\/p>\n\n\n\n<p>Para ejercer el derecho de desistimiento, deber\u00e1 usted notificarnos su decisi\u00f3n de desistir del contrato a trav\u00e9s de una declaraci\u00f3n inequ\u00edvoca (por ejemplo, una carta enviada por correo postal, fax o correo electr\u00f3nico)..&nbsp;<\/p>\n\n\n\n<p>El coste de la devoluci\u00f3n en caso de desistimiento corre por cuenta del consumidor.<\/p>\n\n\n\n<p>Una vez que recibamos la mercanc\u00eda en nuestros almacenes y comprobemos que se dan todas las condiciones indicadas, salysol.com proceder\u00e1 al reintegro del importe abonado por los productos adquiridos en el n\u00famero de cuenta que nos haya indicado previamente y por escrito al mail&nbsp;<a href=\"mailto:tiendaonline@salysol.com\">tiendaonline@salysol.com<\/a>.&nbsp;La devoluci\u00f3n de una operaci\u00f3n realizada con&nbsp;&nbsp;tarjeta o paypal se realizar\u00e1 a trav\u00e9s de la misma, y no mediante otra opci\u00f3n.<\/p>\n\n\n\n<p>El&nbsp;plazo para devolver las cantidades en caso de desistimiento es de 14 d\u00edas naturales.<\/p>\n\n\n\n<p>Si ha recibido un producto defectuoso igualmente deber\u00e1 realizar el contacto para indicarlo.<\/p>\n\n\n\n<p>El producto a devolver tiene que estar siempre en su embalaje original.<\/p>\n\n\n\n<p>EN TODOS LOS CASOS&nbsp;si la devoluci\u00f3n es consecuencia de un error en la preparaci\u00f3n del pedido por nuestro servicio de venta online, todos los gastos de env\u00edo correr\u00e1n a cargo de salysol.com. En caso contrario los portes correr\u00e1n a cargo del comprador.&nbsp;<\/p>\n\n\n\n<p><strong>Sugerencias, quejas y reclamaciones<\/strong><strong><\/strong><\/p>\n\n\n\n<p>Salysol.com&nbsp;&nbsp;tiene hoja de quejas y reclamaciones&nbsp;&nbsp;y est\u00e1n deber\u00e1n ser dirigidas a:<\/p>\n\n\n\n<p>Sal y Sol, S.A.<\/p>\n\n\n\n<p>Pol\u00edgono Industrial Fridex, Calle Fridex Seis, parc.79&nbsp;<\/p>\n\n\n\n<p>C.P. 41500 Alcal\u00e1 de Guadaira ( SEVILLA)&nbsp;&nbsp;<\/p>\n\n\n\n<p>De acuerdo con la normativa europea Reglamento (UE) 524\/2013 del Parlamento Europeo y de la Directiva 2013\/11\/UE, ponemos a su disposici\u00f3n el enlace de acceso a la plataforma para la resoluci\u00f3n alternativa de conflictos&nbsp;<a href=\"http:\/\/ec.europa.eu\/odr\">http:\/\/ec.europa.eu\/odr<\/a><\/p>\n\n\n\n<p><strong>Derechos reconocidos por la Ley:<\/strong><strong><\/strong><\/p>\n\n\n\n<p>Salysol.com&nbsp;&nbsp;se compromete a respetar y facilitar a los interesados el ejercicio de los derechos reconocidos por la ley y, en particular, los derechos de&nbsp;<strong>acceso, rectificaci\u00f3n, supresi\u00f3n, limitaci\u00f3n del tratamiento, oposici\u00f3n o derecho a la portabilidad de sus datos personales<\/strong>. Tales derechos podr\u00e1n ser ejercitados por el usuario o, en su caso, por quien lo represente, mediante, correo electr\u00f3nico a la direcci\u00f3n&nbsp;<a href=\"mailto:tiendaonline@salysol.com\">tiendaonline@salysol.com<\/a>&nbsp;o mediante solicitud escrita y firmada, dirigida a la siguiente direcci\u00f3n: Pol\u00edgono Industrial Fridex, Calle Fridex Seis, parc.79, C.P. 41500 Alcal\u00e1 de Guadaira&nbsp;<\/p>\n\n\n\n<p>(SEVILLA), acompa\u00f1ando copia del DNI, Tarjeta de Residencia o Pasaporte.<\/p>\n\n\n\n<p><strong>Legislaci\u00f3n y jurisdicci\u00f3n<\/strong><strong><\/strong><\/p>\n\n\n\n<p>Para cuantas cuestiones se susciten sobre la interpretaci\u00f3n, aplicaci\u00f3n y cumplimiento de este Aviso Legal, as\u00ed como de las reclamaciones que puedan derivarse de su uso, todas las partes intervinientes se someten al fuero correspondiente a los Jueces y Tribunales del domicilio del usuario. Comprometi\u00e9ndose previamente a una sesi\u00f3n informativa de mediaci\u00f3n previa, para intentar solucionar el conflicto a trav\u00e9s de una resoluci\u00f3n alternativa de conflictos, para garantizar la soluci\u00f3n del mismo de forma \u00e1gil y satisfactoria para ambas partes, bien ante la C\u00e1mara de Comercio que corresponda o ante alg\u00fan Organismo que realice mediaci\u00f3n en la plaza.<\/p>\n\n\n\n<p>De acuerdo con la normativa europea Reglamento (UE) 524\/2013 del Parlamento Europeo y de la Directiva 2013\/11\/UE, ponemos a su disposici\u00f3n el enlace de acceso a la plataforma para la resoluci\u00f3n alternativa de conflictos&nbsp;<a href=\"http:\/\/ec.europa.eu\/odr\">http:\/\/ec.europa.eu\/odr<\/a><\/p>\n","protected":false},"excerpt":{"rendered":"<p>Condiciones de compra TIENDA ONLINE SAL Y SOL S.A Identificaci\u00f3n y raz\u00f3n social de la empresa oferente Sal y Sol, S.A., en adelante y para este portal y la actividad que en \u00e9l se desarrolla, la denominaci\u00f3n comercial es de Sal y Sol, S.A., con domicilio social en: Pol\u00edgono Industrial Fridex, Calle Fridex Seis, parc.79 C.P. 41500 Alcal\u00e1 de Guadaira&#8230;<\/p>\n","protected":false},"author":1,"featured_media":0,"parent":0,"menu_order":0,"comment_status":"closed","ping_status":"closed","template":"","meta":{"footnotes":""},"class_list":["post-2275","page","type-page","status-publish","hentry"],"yoast_head":"<!-- This site is optimized with the Yoast SEO Premium plugin v26.9 (Yoast SEO v27.5) - https:\/\/yoast.com\/product\/yoast-seo-premium-wordpress\/ -->\n<title>Condiciones de Compra - Frutos secos y Snacks Salysol<\/title>\n<meta name=\"description\" content=\"Condiciones de Compra Frutos Secos y Snacks de Calidad\" \/>\n<meta name=\"robots\" content=\"noindex, follow\" \/>\n<meta property=\"og:locale\" content=\"en_US\" \/>\n<meta property=\"og:type\" content=\"article\" \/>\n<meta property=\"og:title\" content=\"Condiciones de Compra\" \/>\n<meta property=\"og:description\" content=\"Condiciones de Compra Frutos Secos y Snacks de Calidad\" \/>\n<meta property=\"og:url\" content=\"https:\/\/www.salysol.com\/en\/condiciones-de-compra\/\" \/>\n<meta property=\"og:site_name\" content=\"Frutos secos y Snacks Salysol\" \/>\n<meta property=\"article:publisher\" content=\"https:\/\/www.facebook.com\/SalysolOficial\/\" \/>\n<meta property=\"article:modified_time\" content=\"2020-06-04T16:06:26+00:00\" \/>\n<meta name=\"twitter:card\" content=\"summary_large_image\" \/>\n<meta name=\"twitter:label1\" content=\"Est. reading time\" \/>\n\t<meta name=\"twitter:data1\" content=\"11 minutes\" \/>\n<script type=\"application\/ld+json\" class=\"yoast-schema-graph\">{\"@context\":\"https:\\\/\\\/schema.org\",\"@graph\":[{\"@type\":\"WebPage\",\"@id\":\"https:\\\/\\\/www.salysol.com\\\/en\\\/condiciones-de-compra\\\/\",\"url\":\"https:\\\/\\\/www.salysol.com\\\/en\\\/condiciones-de-compra\\\/\",\"name\":\"Condiciones de Compra - Frutos secos y Snacks Salysol\",\"isPartOf\":{\"@id\":\"https:\\\/\\\/www.salysol.com\\\/#website\"},\"datePublished\":\"2020-04-29T16:48:34+00:00\",\"dateModified\":\"2020-06-04T16:06:26+00:00\",\"description\":\"Condiciones de Compra Frutos Secos y Snacks de Calidad\",\"breadcrumb\":{\"@id\":\"https:\\\/\\\/www.salysol.com\\\/en\\\/condiciones-de-compra\\\/#breadcrumb\"},\"inLanguage\":\"en-US\",\"potentialAction\":[{\"@type\":\"ReadAction\",\"target\":[\"https:\\\/\\\/www.salysol.com\\\/en\\\/condiciones-de-compra\\\/\"]}]},{\"@type\":\"BreadcrumbList\",\"@id\":\"https:\\\/\\\/www.salysol.com\\\/en\\\/condiciones-de-compra\\\/#breadcrumb\",\"itemListElement\":[{\"@type\":\"ListItem\",\"position\":1,\"name\":\"Portada\",\"item\":\"https:\\\/\\\/www.salysol.com\\\/en\\\/inicio-2024\\\/\"},{\"@type\":\"ListItem\",\"position\":2,\"name\":\"Condiciones de Compra\"}]},{\"@type\":\"WebSite\",\"@id\":\"https:\\\/\\\/www.salysol.com\\\/#website\",\"url\":\"https:\\\/\\\/www.salysol.com\\\/\",\"name\":\"Frutos Secos Salysol\",\"description\":\"Frutos secos y Snacks de Calidad\",\"publisher\":{\"@id\":\"https:\\\/\\\/www.salysol.com\\\/#organization\"},\"alternateName\":\"Frutos Secos Salysol\",\"potentialAction\":[{\"@type\":\"SearchAction\",\"target\":{\"@type\":\"EntryPoint\",\"urlTemplate\":\"https:\\\/\\\/www.salysol.com\\\/?s={search_term_string}\"},\"query-input\":{\"@type\":\"PropertyValueSpecification\",\"valueRequired\":true,\"valueName\":\"search_term_string\"}}],\"inLanguage\":\"en-US\"},{\"@type\":\"Organization\",\"@id\":\"https:\\\/\\\/www.salysol.com\\\/#organization\",\"name\":\"Frutos Secos Salysol\",\"alternateName\":\"Salysol\",\"url\":\"https:\\\/\\\/www.salysol.com\\\/\",\"logo\":{\"@type\":\"ImageObject\",\"inLanguage\":\"en-US\",\"@id\":\"https:\\\/\\\/www.salysol.com\\\/#\\\/schema\\\/logo\\\/image\\\/\",\"url\":\"https:\\\/\\\/www.salysol.com\\\/wp-content\\\/uploads\\\/2020\\\/03\\\/logo-salysol-aire.png\",\"contentUrl\":\"https:\\\/\\\/www.salysol.com\\\/wp-content\\\/uploads\\\/2020\\\/03\\\/logo-salysol-aire.png\",\"width\":452,\"height\":239,\"caption\":\"Frutos Secos Salysol\"},\"image\":{\"@id\":\"https:\\\/\\\/www.salysol.com\\\/#\\\/schema\\\/logo\\\/image\\\/\"},\"sameAs\":[\"https:\\\/\\\/www.facebook.com\\\/SalysolOficial\\\/\",\"https:\\\/\\\/www.instagram.com\\\/salysol_oficial\\\/?hl=es\"]}]}<\/script>\n<!-- \/ Yoast SEO Premium plugin. -->","yoast_head_json":{"title":"Condiciones de Compra - Frutos secos y Snacks Salysol","description":"Condiciones de Compra Frutos Secos y Snacks de Calidad","robots":{"index":"noindex","follow":"follow"},"og_locale":"en_US","og_type":"article","og_title":"Condiciones de Compra","og_description":"Condiciones de Compra Frutos Secos y Snacks de Calidad","og_url":"https:\/\/www.salysol.com\/en\/condiciones-de-compra\/","og_site_name":"Frutos secos y Snacks Salysol","article_publisher":"https:\/\/www.facebook.com\/SalysolOficial\/","article_modified_time":"2020-06-04T16:06:26+00:00","twitter_card":"summary_large_image","twitter_misc":{"Est. reading time":"11 minutes"},"schema":{"@context":"https:\/\/schema.org","@graph":[{"@type":"WebPage","@id":"https:\/\/www.salysol.com\/en\/condiciones-de-compra\/","url":"https:\/\/www.salysol.com\/en\/condiciones-de-compra\/","name":"Condiciones de Compra - Frutos secos y Snacks Salysol","isPartOf":{"@id":"https:\/\/www.salysol.com\/#website"},"datePublished":"2020-04-29T16:48:34+00:00","dateModified":"2020-06-04T16:06:26+00:00","description":"Condiciones de Compra Frutos Secos y Snacks de Calidad","breadcrumb":{"@id":"https:\/\/www.salysol.com\/en\/condiciones-de-compra\/#breadcrumb"},"inLanguage":"en-US","potentialAction":[{"@type":"ReadAction","target":["https:\/\/www.salysol.com\/en\/condiciones-de-compra\/"]}]},{"@type":"BreadcrumbList","@id":"https:\/\/www.salysol.com\/en\/condiciones-de-compra\/#breadcrumb","itemListElement":[{"@type":"ListItem","position":1,"name":"Portada","item":"https:\/\/www.salysol.com\/en\/inicio-2024\/"},{"@type":"ListItem","position":2,"name":"Condiciones de Compra"}]},{"@type":"WebSite","@id":"https:\/\/www.salysol.com\/#website","url":"https:\/\/www.salysol.com\/","name":"Frutos Secos Salysol","description":"Frutos secos y Snacks de Calidad","publisher":{"@id":"https:\/\/www.salysol.com\/#organization"},"alternateName":"Frutos Secos Salysol","potentialAction":[{"@type":"SearchAction","target":{"@type":"EntryPoint","urlTemplate":"https:\/\/www.salysol.com\/?s={search_term_string}"},"query-input":{"@type":"PropertyValueSpecification","valueRequired":true,"valueName":"search_term_string"}}],"inLanguage":"en-US"},{"@type":"Organization","@id":"https:\/\/www.salysol.com\/#organization","name":"Frutos Secos Salysol","alternateName":"Salysol","url":"https:\/\/www.salysol.com\/","logo":{"@type":"ImageObject","inLanguage":"en-US","@id":"https:\/\/www.salysol.com\/#\/schema\/logo\/image\/","url":"https:\/\/www.salysol.com\/wp-content\/uploads\/2020\/03\/logo-salysol-aire.png","contentUrl":"https:\/\/www.salysol.com\/wp-content\/uploads\/2020\/03\/logo-salysol-aire.png","width":452,"height":239,"caption":"Frutos Secos Salysol"},"image":{"@id":"https:\/\/www.salysol.com\/#\/schema\/logo\/image\/"},"sameAs":["https:\/\/www.facebook.com\/SalysolOficial\/","https:\/\/www.instagram.com\/salysol_oficial\/?hl=es"]}]}},"_links":{"self":[{"href":"https:\/\/www.salysol.com\/en\/wp-json\/wp\/v2\/pages\/2275","targetHints":{"allow":["GET"]}}],"collection":[{"href":"https:\/\/www.salysol.com\/en\/wp-json\/wp\/v2\/pages"}],"about":[{"href":"https:\/\/www.salysol.com\/en\/wp-json\/wp\/v2\/types\/page"}],"author":[{"embeddable":true,"href":"https:\/\/www.salysol.com\/en\/wp-json\/wp\/v2\/users\/1"}],"replies":[{"embeddable":true,"href":"https:\/\/www.salysol.com\/en\/wp-json\/wp\/v2\/comments?post=2275"}],"version-history":[{"count":1,"href":"https:\/\/www.salysol.com\/en\/wp-json\/wp\/v2\/pages\/2275\/revisions"}],"predecessor-version":[{"id":2276,"href":"https:\/\/www.salysol.com\/en\/wp-json\/wp\/v2\/pages\/2275\/revisions\/2276"}],"wp:attachment":[{"href":"https:\/\/www.salysol.com\/en\/wp-json\/wp\/v2\/media?parent=2275"}],"curies":[{"name":"wp","href":"https:\/\/api.w.org\/{rel}","templated":true}]}}