{"id":2287,"date":"2020-02-10T13:33:52","date_gmt":"2020-02-10T12:33:52","guid":{"rendered":"https:\/\/www.salysol.com\/aviso-legal"},"modified":"2020-06-04T17:53:16","modified_gmt":"2020-06-04T16:53:16","slug":"legal-advice","status":"publish","type":"page","link":"https:\/\/www.salysol.com\/en\/legal-advice\/","title":{"rendered":"LEGAL ADVICE"},"content":{"rendered":"\n<h2 class=\"wp-block-heading\">LEGAL ADVICE<\/h2>\n\n\n\n<div class=\"wp-block-spacer\" style=\"height: 40px;\" aria-hidden=\"true\">\u00a0<\/div>\n\n\n\n<h3 class=\"wp-block-heading\"><strong>1. SALYSOL, S.A.<\/strong><\/h3>\n\n\n\n<p>En cumplimiento del art\u00edculo 10 de la Ley 34\/2002, de 11 de julio, de Servicios de la Sociedad de la Informaci\u00f3n y Comercio Electr\u00f3nico, a continuaci\u00f3n se exponen los datos identificativos de la empresa.<\/p>\n\n\n\n<p>Nombre: Salysol, S.A.<\/p>\n\n\n\n<p>Denominaci\u00f3n Social: Salysol<\/p>\n\n\n\n<p>Nif \/ Cif: A41113655<\/p>\n\n\n\n<p>Domicilio Social: Pol\u00edgono Industrial Fridex, c\/4, parcela 79, 41500 &#8211; Alcal\u00e1 de Guadaira (Sevilla)<\/p>\n\n\n\n<p>Tel\u00e9fono: 955.63.10.13<\/p>\n\n\n\n<p>Direcci\u00f3n de correo electr\u00f3nico:&nbsp;<a href=\"mailto:info@salysol.com\">info@salysol.com<\/a><\/p>\n\n\n\n<h3 class=\"wp-block-heading\"><strong>2. Propiedad Intelectual<\/strong><\/h3>\n\n\n\n<p>El c\u00f3digo fuente, los dise\u00f1os gr\u00e1ficos, las im\u00e1genes, las fotograf\u00edas, los sonidos, las animaciones, el software, los textos, as\u00ed como la informaci\u00f3n y los contenidos que se recogen en nombre de la empresaest\u00e1n protegidos por la legislaci\u00f3n espa\u00f1ola sobre los derechos de propiedad intelectual e industrial a favor de denominaci\u00f3n social de la empresa y no se permite la reproducci\u00f3n y\/o publicaci\u00f3n, total o parcial, del sitio web, ni su tratamiento inform\u00e1tico, su distribuci\u00f3n, su difusi\u00f3n, ni su modificaci\u00f3n, transformaci\u00f3n o descompilaci\u00f3n, ni dem\u00e1s derechos reconocidos legalmente a su titular, sin el permiso previo y por escrito del mismo, de Salysol.<\/p>\n\n\n\n<p>El usuario, \u00fanica y exclusivamente, puede utilizar el material que aparezca en este sitio web para su uso personal y privado, quedando prohibido su uso con fines comerciales o para incurrir en actividades il\u00edcitas. Todos los derechos derivados de la propiedad intelectual est\u00e1n expresamente reservados por Salysol.<\/p>\n\n\n\n<p>Salysol por el cumplimiento de las anteriores condiciones como por la debida utilizaci\u00f3n de los contenidos presentados en sus p\u00e1ginas web, ejercitando todas las acciones civiles y penales que le correspondan en el caso de infracci\u00f3n o incumplimiento de estos derechos por parte del usuario.<\/p>\n\n\n\n<h3 class=\"wp-block-heading\"><strong>3. Protecci\u00f3n de datos de car\u00e1cter personal<\/strong><\/h3>\n\n\n\n<p>Conforme a lo establecido en la&nbsp;<strong>Ley Org\u00e1nica 15\/1.999, de Protecci\u00f3n de Datos de Car\u00e1cter Personal, y la Ley 34\/2.002, de Servicios de la Sociedad de la Informaci\u00f3n y del Comercio Electr\u00f3nico<\/strong>, se informa a los usuarios que&nbsp;<strong>SALYSOL, S.A.<\/strong>, propietaria de la p\u00e1gina web, garantiza la confidencialidad de los mensajes transmitidos y el secreto de las comunicaciones, as\u00ed como la protecci\u00f3n de sus datos personales, conforme a la normativa anteriormente citada.<\/p>\n\n\n\n<p>Le informamos que los datos de car\u00e1cter personal facilitados a trav\u00e9s de los distintos &nbsp;enlaces de contacto de nuestra p\u00e1gina web, as\u00ed como los que se obtengan con motivo de nuestras relaciones comerciales, ser\u00e1n incorporados a unos ficheros de los que es responsable de tratamiento&nbsp;<strong>SALYSOL, S.A<\/strong>., con CIF&nbsp;<strong>A41113655<\/strong>&nbsp;y domicilio social en&nbsp;<strong>Pol\u00edgono Industrial Fridex, Calle 4, parcela 79; 41500 Alcal\u00e1 de Guadaira (Sevilla),<\/strong>&nbsp;cuyas finalidades consisten en la atenci\u00f3n a sus consultas y solicitudes de presupuesto sobre nuestros productos y servicios de venta de frutos secos, snacks y aperitivos, as\u00ed como la gesti\u00f3n de sus pedidos, para lo cual mantendremos contactos con usted por cualquier medio de comunicaci\u00f3n que nos haya proporcionado.<\/p>\n\n\n\n<p>Usted consiente el tratamiento de sus datos con estas finalidades, as\u00ed como el env\u00edo de informaci\u00f3n comercial y publicitaria sobre nuestros productos y servicios, por cualquier medio de comunicaci\u00f3n, incluido el correo electr\u00f3nico. Este consentimiento se entender\u00e1 otorgado en el caso de que no nos manifieste lo contrario en el plazo de 30 d\u00edas a contar desde la fecha de env\u00edo de su comunicaci\u00f3n. No obstante, podr\u00e1 revocar este consentimiento en cualquier momento poni\u00e9ndolo en nuestro conocimiento a trav\u00e9s del enlace de contacto de nuestra web, o mediante carta remitida a nuestra direcci\u00f3n.&nbsp;&nbsp;&nbsp;<\/p>\n\n\n\n<p>Sus datos podr\u00e1n ser cedidos a otras empresas del grupo (MAEFRUT, S.L.) quienes los incorporar\u00e1n a sus propios ficheros, con el fin de remitirles informaci\u00f3n comercial sobre los mismos productos y servicios de&nbsp;<strong>SALYSOL,S.A<\/strong>., salvo que nos comunique su deseo en contra de esta cesi\u00f3n, en el mismo plazo y forma se\u00f1alada en el p\u00e1rrafo anterior.&nbsp;<\/p>\n\n\n\n<p>Usted podr\u00e1 ejercer sus derechos de acceso, rectificaci\u00f3n, cancelaci\u00f3n u oposici\u00f3n, dirigi\u00e9ndose a SALYSOL, S.A. bien a trav\u00e9s del enlace de contacto de nuestra p\u00e1gina web, o bien por escrito a nuestra direcci\u00f3n de correo convencional.<\/p>\n\n\n\n<h3 class=\"wp-block-heading\"><strong>4. Varios<\/strong><\/h3>\n\n\n\n<p><strong>A.-<\/strong>&nbsp;Salysol utiliza cookies que se quedar\u00e1n almacenadas en el ordenador. Las cookies son peque\u00f1os archivos que nuestro ordenador env\u00eda al suyo, pero que no nos proporcionan informaci\u00f3n ni sobre su nombre, ni sobre cualquier dato de car\u00e1cter personal suyo. Las cookies que utilizamos no pueden leer datos de su ordenador ni leer las cookies que existan en su ordenador.<\/p>\n\n\n\n<p>Cuando el usuario se encuentre navegando por las p\u00e1ginas web de Salysol el servidor donde se encuentra alojada reconoce autom\u00e1ticamente la direcci\u00f3n IP de su ordenador, el d\u00eda y la hora en la que comienza la visita, en la que abandona la visita, as\u00ed como informaci\u00f3n sobre las distintas secciones consultadas. Es necesario que el servidor conozca estos datos para poder comunicarse y enviarle la petici\u00f3n realizada y que a trav\u00e9s del navegador se pueda ver en la pantalla.<\/p>\n\n\n\n<p>Si usted lo desea puede configurar su navegador de manera que le avise en la pantalla si va a recibir una cookie. El usuario puede configurar su ordenador de manera que no reciba estas cookies, este hecho no impedir\u00e1 que se pueda acceder a la informaci\u00f3n del sitio web web de la empresa.<\/p>\n\n\n\n<p><strong>B.-<\/strong>&nbsp;Salysol podr\u00e1 modificar, sin previo aviso, la informaci\u00f3n contenida en su sitio web, as\u00ed como su configuraci\u00f3n y presentaci\u00f3n.<\/p>\n\n\n\n<p><strong>C.-<\/strong>&nbsp;Salysol se compromete a trav\u00e9s de este medio a NO REALIZAR PUBLICIDAD ENGA\u00d1OSA. A estos efectos, por lo tanto, no ser\u00e1n considerados como publicidad enga\u00f1osa los errores formales o num\u00e9ricos que puedan encontrarse a lo largo del contenido de las distintas secciones de la web de Salysol, producidos como consecuencia de un mantenimiento y\/o actualizaci\u00f3n incompleta o defectuosa de la informaci\u00f3n contenida es estas secciones. Salysol, como consecuencia de lo dispuesto en este apartado, se compromete a corregirlo tan pronto como tenga conocimiento de dichos errores.<\/p>\n\n\n\n<p><strong>D.-<\/strong>&nbsp;Salysol se compromete a NO REMITIR COMUNICACIONES COMERCIALES SIN IDENTIFICARLAS COMO TALES, conforme a lo dispuesto en la Ley 34\/2002 de Servicios de la Sociedad de la Informaci\u00f3n y de comercio electr\u00f3nico. A estos efectos no ser\u00e1 considerado como comunicaci\u00f3n comercial toda la informaci\u00f3n que se env\u00ede A LOS CLIENTES de nombre de la empresa siempre que tenga por finalidad el mantenimiento de la relaci\u00f3n contractual existente entre cliente y Salysol, as\u00ed como el desempe\u00f1o de las tareas de informaci\u00f3n, formaci\u00f3n y otras actividades propias del servicio que el cliente tiene contratado con la empresa.<\/p>\n\n\n\n<p><strong>E.-<\/strong>&nbsp;Salysol no se hace responsable del incumplimiento de cualquier norma aplicable en que pueda incurrir el usuario en su acceso al sitio&nbsp;web de la empresa y\/o en el uso de las informaciones contenidas en el mismo.<\/p>\n\n\n\n<p><strong>F.-<\/strong>&nbsp;Salysol&nbsp;no ser\u00e1 responsable de los da\u00f1os y perjuicios producidos o que puedan producirse, cualquiera que sea su naturaleza, que se deriven del uso de la informaci\u00f3n, de las materias contenidas en este web site y de los programas que incorpora. Los enlaces (Links) e hipertexto que posibiliten, a trav\u00e9s del sitio web de la empresa, acceder al usuario a prestaciones y servicios ofrecidos por terceros, no pertenecen ni se encuentran bajo el control de Salysol; dicha entidad no se hace responsable ni de la informaci\u00f3n contenida en los mismos ni de cualesquiera efectos que pudieran derivarse de dicha informaci\u00f3n.<\/p>\n\n\n\n<p><strong>G.-<\/strong>&nbsp;Salysol no se hace responsable del uso ileg\u00edtimo que terceras personas puedan hacer de los nombres de marca, nombres de producto, marcas comerciales que, no siendo propiedad de dicha entidad, aparezcan en el Web-Site web de la empresa. Tampoco se responsabiliza de la integridad, veracidad y licitud del contenido de los enlaces a las webs a las que pueda accederse desde web de la empresa.<\/p>\n\n\n\n<p><strong>H.-<\/strong>&nbsp;Salysol&nbsp;no se responsabiliza de los virus que tengan su origen en una transmisi\u00f3n telem\u00e1tica infiltrados por terceras partes (por ejemplo, los macros de procesadores de texto, los applets de Java y los programas Active X), generados con la finalidad de obtener resultados negativos para un sistema inform\u00e1tico.<\/p>\n\n\n\n<p><strong>I.-<\/strong>&nbsp;En definitiva, el Usuario es el \u00fanico responsable del uso que realice de los servicios, contenidos, enlaces (links) e hipertexto incluidos en el sitio web de la empresa.<\/p>\n","protected":false},"excerpt":{"rendered":"<p>LEGAL ADVICE 1. SALYSOL, S.A. En cumplimiento del art\u00edculo 10 de la Ley 34\/2002, de 11 de julio, de Servicios de la Sociedad de la Informaci\u00f3n y Comercio Electr\u00f3nico, a continuaci\u00f3n se exponen los datos identificativos de la empresa. Nombre: Salysol, S.A. Denominaci\u00f3n Social: Salysol Nif \/ Cif: A41113655 Domicilio Social: Pol\u00edgono Industrial Fridex, c\/4, parcela 79, 41500 &#8211; Alcal\u00e1&#8230;<\/p>\n","protected":false},"author":4,"featured_media":0,"parent":0,"menu_order":0,"comment_status":"closed","ping_status":"closed","template":"","meta":{"footnotes":""},"class_list":["post-2287","page","type-page","status-publish","hentry"],"yoast_head":"<!-- This site is optimized with the Yoast SEO Premium plugin v26.9 (Yoast SEO v27.4) - https:\/\/yoast.com\/product\/yoast-seo-premium-wordpress\/ -->\n<title>LEGAL ADVICE - Frutos secos y Snacks Salysol<\/title>\n<meta name=\"description\" content=\"LEGAL ADVICE Frutos Secos y Snacks de Calidad\" \/>\n<meta name=\"robots\" content=\"noindex, follow\" \/>\n<meta property=\"og:locale\" content=\"en_US\" \/>\n<meta property=\"og:type\" content=\"article\" \/>\n<meta property=\"og:title\" content=\"LEGAL ADVICE\" \/>\n<meta property=\"og:description\" content=\"LEGAL ADVICE Frutos Secos y Snacks de Calidad\" \/>\n<meta property=\"og:url\" content=\"https:\/\/www.salysol.com\/en\/legal-advice\/\" \/>\n<meta property=\"og:site_name\" content=\"Frutos secos y Snacks Salysol\" \/>\n<meta property=\"article:publisher\" content=\"https:\/\/www.facebook.com\/SalysolOficial\/\" \/>\n<meta property=\"article:modified_time\" content=\"2020-06-04T16:53:16+00:00\" \/>\n<meta name=\"twitter:card\" content=\"summary_large_image\" \/>\n<meta name=\"twitter:label1\" content=\"Est. reading time\" \/>\n\t<meta name=\"twitter:data1\" content=\"7 minutes\" \/>\n<script type=\"application\/ld+json\" class=\"yoast-schema-graph\">{\"@context\":\"https:\\\/\\\/schema.org\",\"@graph\":[{\"@type\":\"WebPage\",\"@id\":\"https:\\\/\\\/www.salysol.com\\\/en\\\/legal-advice\\\/\",\"url\":\"https:\\\/\\\/www.salysol.com\\\/en\\\/legal-advice\\\/\",\"name\":\"LEGAL ADVICE - Frutos secos y Snacks Salysol\",\"isPartOf\":{\"@id\":\"https:\\\/\\\/www.salysol.com\\\/#website\"},\"datePublished\":\"2020-02-10T12:33:52+00:00\",\"dateModified\":\"2020-06-04T16:53:16+00:00\",\"description\":\"LEGAL ADVICE Frutos Secos y Snacks de Calidad\",\"breadcrumb\":{\"@id\":\"https:\\\/\\\/www.salysol.com\\\/en\\\/legal-advice\\\/#breadcrumb\"},\"inLanguage\":\"en-US\",\"potentialAction\":[{\"@type\":\"ReadAction\",\"target\":[\"https:\\\/\\\/www.salysol.com\\\/en\\\/legal-advice\\\/\"]}]},{\"@type\":\"BreadcrumbList\",\"@id\":\"https:\\\/\\\/www.salysol.com\\\/en\\\/legal-advice\\\/#breadcrumb\",\"itemListElement\":[{\"@type\":\"ListItem\",\"position\":1,\"name\":\"Portada\",\"item\":\"https:\\\/\\\/www.salysol.com\\\/en\\\/inicio-2024\\\/\"},{\"@type\":\"ListItem\",\"position\":2,\"name\":\"LEGAL ADVICE\"}]},{\"@type\":\"WebSite\",\"@id\":\"https:\\\/\\\/www.salysol.com\\\/#website\",\"url\":\"https:\\\/\\\/www.salysol.com\\\/\",\"name\":\"Frutos Secos Salysol\",\"description\":\"Frutos secos y Snacks de Calidad\",\"publisher\":{\"@id\":\"https:\\\/\\\/www.salysol.com\\\/#organization\"},\"alternateName\":\"Frutos Secos Salysol\",\"potentialAction\":[{\"@type\":\"SearchAction\",\"target\":{\"@type\":\"EntryPoint\",\"urlTemplate\":\"https:\\\/\\\/www.salysol.com\\\/?s={search_term_string}\"},\"query-input\":{\"@type\":\"PropertyValueSpecification\",\"valueRequired\":true,\"valueName\":\"search_term_string\"}}],\"inLanguage\":\"en-US\"},{\"@type\":\"Organization\",\"@id\":\"https:\\\/\\\/www.salysol.com\\\/#organization\",\"name\":\"Frutos Secos Salysol\",\"alternateName\":\"Salysol\",\"url\":\"https:\\\/\\\/www.salysol.com\\\/\",\"logo\":{\"@type\":\"ImageObject\",\"inLanguage\":\"en-US\",\"@id\":\"https:\\\/\\\/www.salysol.com\\\/#\\\/schema\\\/logo\\\/image\\\/\",\"url\":\"https:\\\/\\\/www.salysol.com\\\/wp-content\\\/uploads\\\/2020\\\/03\\\/logo-salysol-aire.png\",\"contentUrl\":\"https:\\\/\\\/www.salysol.com\\\/wp-content\\\/uploads\\\/2020\\\/03\\\/logo-salysol-aire.png\",\"width\":452,\"height\":239,\"caption\":\"Frutos Secos Salysol\"},\"image\":{\"@id\":\"https:\\\/\\\/www.salysol.com\\\/#\\\/schema\\\/logo\\\/image\\\/\"},\"sameAs\":[\"https:\\\/\\\/www.facebook.com\\\/SalysolOficial\\\/\",\"https:\\\/\\\/www.instagram.com\\\/salysol_oficial\\\/?hl=es\"]}]}<\/script>\n<!-- \/ Yoast SEO Premium plugin. -->","yoast_head_json":{"title":"LEGAL ADVICE - Frutos secos y Snacks Salysol","description":"LEGAL ADVICE Frutos Secos y Snacks de Calidad","robots":{"index":"noindex","follow":"follow"},"og_locale":"en_US","og_type":"article","og_title":"LEGAL ADVICE","og_description":"LEGAL ADVICE Frutos Secos y Snacks de Calidad","og_url":"https:\/\/www.salysol.com\/en\/legal-advice\/","og_site_name":"Frutos secos y Snacks Salysol","article_publisher":"https:\/\/www.facebook.com\/SalysolOficial\/","article_modified_time":"2020-06-04T16:53:16+00:00","twitter_card":"summary_large_image","twitter_misc":{"Est. reading time":"7 minutes"},"schema":{"@context":"https:\/\/schema.org","@graph":[{"@type":"WebPage","@id":"https:\/\/www.salysol.com\/en\/legal-advice\/","url":"https:\/\/www.salysol.com\/en\/legal-advice\/","name":"LEGAL ADVICE - Frutos secos y Snacks Salysol","isPartOf":{"@id":"https:\/\/www.salysol.com\/#website"},"datePublished":"2020-02-10T12:33:52+00:00","dateModified":"2020-06-04T16:53:16+00:00","description":"LEGAL ADVICE Frutos Secos y Snacks de Calidad","breadcrumb":{"@id":"https:\/\/www.salysol.com\/en\/legal-advice\/#breadcrumb"},"inLanguage":"en-US","potentialAction":[{"@type":"ReadAction","target":["https:\/\/www.salysol.com\/en\/legal-advice\/"]}]},{"@type":"BreadcrumbList","@id":"https:\/\/www.salysol.com\/en\/legal-advice\/#breadcrumb","itemListElement":[{"@type":"ListItem","position":1,"name":"Portada","item":"https:\/\/www.salysol.com\/en\/inicio-2024\/"},{"@type":"ListItem","position":2,"name":"LEGAL ADVICE"}]},{"@type":"WebSite","@id":"https:\/\/www.salysol.com\/#website","url":"https:\/\/www.salysol.com\/","name":"Frutos Secos Salysol","description":"Frutos secos y Snacks de Calidad","publisher":{"@id":"https:\/\/www.salysol.com\/#organization"},"alternateName":"Frutos Secos Salysol","potentialAction":[{"@type":"SearchAction","target":{"@type":"EntryPoint","urlTemplate":"https:\/\/www.salysol.com\/?s={search_term_string}"},"query-input":{"@type":"PropertyValueSpecification","valueRequired":true,"valueName":"search_term_string"}}],"inLanguage":"en-US"},{"@type":"Organization","@id":"https:\/\/www.salysol.com\/#organization","name":"Frutos Secos Salysol","alternateName":"Salysol","url":"https:\/\/www.salysol.com\/","logo":{"@type":"ImageObject","inLanguage":"en-US","@id":"https:\/\/www.salysol.com\/#\/schema\/logo\/image\/","url":"https:\/\/www.salysol.com\/wp-content\/uploads\/2020\/03\/logo-salysol-aire.png","contentUrl":"https:\/\/www.salysol.com\/wp-content\/uploads\/2020\/03\/logo-salysol-aire.png","width":452,"height":239,"caption":"Frutos Secos Salysol"},"image":{"@id":"https:\/\/www.salysol.com\/#\/schema\/logo\/image\/"},"sameAs":["https:\/\/www.facebook.com\/SalysolOficial\/","https:\/\/www.instagram.com\/salysol_oficial\/?hl=es"]}]}},"_links":{"self":[{"href":"https:\/\/www.salysol.com\/en\/wp-json\/wp\/v2\/pages\/2287","targetHints":{"allow":["GET"]}}],"collection":[{"href":"https:\/\/www.salysol.com\/en\/wp-json\/wp\/v2\/pages"}],"about":[{"href":"https:\/\/www.salysol.com\/en\/wp-json\/wp\/v2\/types\/page"}],"author":[{"embeddable":true,"href":"https:\/\/www.salysol.com\/en\/wp-json\/wp\/v2\/users\/4"}],"replies":[{"embeddable":true,"href":"https:\/\/www.salysol.com\/en\/wp-json\/wp\/v2\/comments?post=2287"}],"version-history":[{"count":3,"href":"https:\/\/www.salysol.com\/en\/wp-json\/wp\/v2\/pages\/2287\/revisions"}],"predecessor-version":[{"id":2333,"href":"https:\/\/www.salysol.com\/en\/wp-json\/wp\/v2\/pages\/2287\/revisions\/2333"}],"wp:attachment":[{"href":"https:\/\/www.salysol.com\/en\/wp-json\/wp\/v2\/media?parent=2287"}],"curies":[{"name":"wp","href":"https:\/\/api.w.org\/{rel}","templated":true}]}}